{"id":13675,"date":"2020-10-15T12:51:58","date_gmt":"2020-10-15T10:51:58","guid":{"rendered":"https:\/\/ethicalfin.wpengine.com\/informativa-privacy\/"},"modified":"2023-04-28T18:07:51","modified_gmt":"2023-04-28T16:07:51","slug":"informativa-privacy","status":"publish","type":"page","link":"https:\/\/www.ethicalfinnpl.com\/it\/informativa-privacy\/","title":{"rendered":"Informativa privacy"},"content":{"rendered":"<div class=\"wpb-content-wrapper\"><p>[vc_row][vc_column][vc_empty_space][\/vc_column][\/vc_row][vc_row][vc_column][vc_column_text]La presente informativa, resa ai sensi dell\u2019art. 13 GDPR (Reg. UE 2016\/679), descrive le modalit\u00e0 di gestione del sito in riferimento al trattamento dei dati personali degli Utenti che lo consultano. In particolare, il trattamento dei dati degli Utenti, reso necessario dalle finalit\u00e0 di seguito illustrate, sar\u00e0 svolto nel pieno rispetto della vigente normativa e dei principi di correttezza, liceit\u00e0 e trasparenza, limitazione delle finalit\u00e0, minimizzazione, esattezza, integrit\u00e0 e riservatezza.<\/p>\n<p><strong>Titolare del trattamento<\/strong><\/p>\n<p>Titolare del trattamento \u00e8 Ethicalfin NPL S.r.l., con sede legale in Via Aureliana n. 25, 00187 Roma (RM).\u00a0 Contatti: tel. + 39 83927740 email: ethicalfin@ethicalfin.com \u2013 PEC ethicalfinnpl@legalmail.com.<\/p>\n<p><strong>Responsabile della protezione dei dati (DPO)<\/strong><\/p>\n<p>Il Titolare del trattamento ha nominato Responsabile della protezione dei dati (DPO) l\u2019avv. Mauro Epifanio, contattabile al seguente indirizzo email: ethicalfin@ethicalfin.com.<\/p>\n<p><strong>Tipologia dei dati trattati<\/strong><\/p>\n<p>Oggetto di trattamento sono i seguenti dati personali: a) dati di navigazione, per i quali si rimanda alla policy cookie; b) dati anagrafici e recapiti, in particolare: nome, cognome, email e numero di telefono. Tutti i dati trattati sono forniti direttamente dai visitatori del sito. L&#8217;invio facoltativo, esplicito e volontario dei dati sopra citati comporta la loro successiva acquisizione, necessaria per rispondere alle richieste, nonch\u00e9 per dare esecuzione ai servizi previsti con l\u2019invio dei moduli.<\/p>\n<p><strong>Finalit\u00e0 del trattamento e basi giuridiche\u00a0\u00a0\u00a0\u00a0\u00a0\u00a0\u00a0\u00a0\u00a0\u00a0\u00a0\u00a0\u00a0\u00a0\u00a0\u00a0\u00a0\u00a0\u00a0\u00a0\u00a0\u00a0\u00a0\u00a0\u00a0\u00a0\u00a0\u00a0\u00a0\u00a0\u00a0\u00a0\u00a0\u00a0\u00a0\u00a0\u00a0\u00a0\u00a0 <\/strong><\/p>\n<p>I dati personali sono raccolti con il consenso degli utenti per dare seguito alle richieste e riscontro ai quesiti posti dal diretto interessato attraverso l\u2019apposito modulo di contatto.<\/p>\n<p>Il conferimento dei dati da parte dell\u2019interessato \u00e8 facoltativo ma indispensabile per le su esposte finalit\u00e0.<\/p>\n<p><strong>Modalit\u00e0 del trattamento, durata e ambito di diffusione e comunicazione dei dati a terzi\u00a0 <\/strong><\/p>\n<p>I trattamenti connessi ai servizi forniti del sito sono trattati con strumenti automatizzati per il tempo strettamente necessario a conseguire gli scopi per cui sono stati raccolti; hanno luogo presso server in Italia o UE e sono curati solo da personale autorizzato al trattamento, oppure da eventuali incaricati di operazioni di manutenzione e amministrazione. Specifiche misure di sicurezza sono osservate per prevenire la perdita dei dati, usi illeciti o non corretti ed accessi non autorizzati e la perdita di riservatezza. La struttura \u00e8 dotata di dispositivi anti-intrusione, firewall, log e disaster recovery. Sono utilizzati meccanismi specifici di cifratura e segregazione dei dati. Non \u00e8 svolto alcun processo decisionale automatizzato (ad es. di profilazione).<\/p>\n<p>I dati non saranno oggetto di diffusione a meno di disposizioni di legge contrarie. Fatto salvo quanto specificato per i cookies ed elementi di terze parti, senza il preventivo generale consenso dell\u2019interessato alle comunicazioni a terzi, sar\u00e0 possibile dar corso esclusivamente ai servizi che non prevedono tali comunicazioni. In caso di necessit\u00e0 saranno richiesti specifici e puntuali consensi e i soggetti che riceveranno i dati li utilizzeranno in qualit\u00e0 di autonomi titolari.<\/p>\n<p>In ogni caso i dati (solo quelli indispensabili) possono essere comunicati a: a) incaricati e responsabili del trattamento, tanto interni all\u2019organizzazione del Titolare, quanto esterni, che svolgono specifici compiti ed operazioni (es. amministrazione del sito); b) Autorit\u00e0 o Uffici pubblici in esecuzione di obblighi di legge.<\/p>\n<p><strong>Diritti dell\u2019interessato<\/strong><\/p>\n<p>Ai sensi degli artt. 7, 15 &#8211; 22 del GDPR, l\u2019interessato ha diritto di ottenere la conferma che sia o meno in corso un trattamento di dati che lo riguardano ed in tal caso di ottenere l\u2019accesso ai dati e l\u2019indicazione: a) delle finalit\u00e0 del trattamento; b) delle categorie di dati personali in questione; c) dei destinatari o le categorie di destinatari a cui i dati personali sono stati o saranno comunicati, in particolare se destinatari di paesi terzi o organizzazioni internazionali; d) quando possibile, del periodo di conservazione dei dati personali previsto oppure, se non \u00e8 possibile, i criteri utilizzati per determinare tale periodo; e) di tutte le informazioni disponibili sull\u2019origine dei dati qualora essi non siano raccolti presso l\u2019interessato; f) dell\u2019esistenza di un processo decisionale automatizzato, compresa la profilazione.<\/p>\n<p>L\u2019interessato ha, inoltre: 1) il diritto di ottenere la rettifica dei dati personali inesatti che lo riguardano senza ingiustificato ritardo; 2) il diritto di ottenere la cancellazione (\u201cdiritto all\u2019oblio\u201d) dei dati personali che lo riguardano senza ingiustificato ritardo; 3) il diritto di ottenere la limitazione del trattamento; 4) il diritto di opporsi in qualsiasi momento, per motivi connessi alla sua situazione particolare, al trattamento dei dati personali; 5) il diritto di ricevere in un formato strutturato, di uso comune e leggibile da dispositivo automatico i dati personali che lo riguardano; 6) il diritto di revocare il proprio consenso in qualsiasi momento; 7) il diritto di proporre reclamo all\u2019Autorit\u00e0 Garante per la protezione dei dati personali, ai sensi dell\u2019art. 77 GDPR e\/o di adire le opportune sedi giudiziarie ai sensi dell\u2019art. 79 GDPR; 8) il diritto di essere informato dell\u2019esistenza di garanzie adeguate, qualora i dati personali siano trasferiti a un paese terzo o a un\u2019organizzazione internazionale; 9) il diritto di ottenere una copia dei dati oggetto del trattamento.<\/p>\n<p>Per esercitare tali diritti, l\u2019interessato pu\u00f2 rivolgersi al Titolare del trattamento ai recapiti indicati al paragrafo 1- Titolare del Trattamento, inoltrando apposita richiesta mediante lettera raccomandata e\/o posta elettronica.[\/vc_column_text][\/vc_column][\/vc_row]<\/p>\n<\/div>","protected":false},"excerpt":{"rendered":"<p>[vc_row][vc_column][vc_empty_space][\/vc_column][\/vc_row][vc_row][vc_column][vc_column_text]La presente informativa, resa ai sensi dell\u2019art. 13 GDPR (Reg. UE 2016\/679), descrive le modalit\u00e0 di gestione del sito in riferimento al trattamento dei dati personali degli Utenti che lo consultano. In particolare, il trattamento dei dati degli Utenti, reso necessario dalle finalit\u00e0 di seguito illustrate, sar\u00e0 svolto nel pieno rispetto della vigente normativa e [&hellip;]<\/p>\n","protected":false},"author":3,"featured_media":0,"parent":0,"menu_order":0,"comment_status":"closed","ping_status":"closed","template":"","meta":{"_acf_changed":false,"footnotes":""},"class_list":["post-13675","page","type-page","status-publish","hentry"],"acf":[],"yoast_head":"<!-- This site is optimized with the Yoast SEO plugin v27.6 - https:\/\/yoast.com\/product\/yoast-seo-wordpress\/ -->\n<title>Informativa privacy - EthicalFin NPL<\/title>\n<meta name=\"robots\" content=\"index, follow, max-snippet:-1, max-image-preview:large, max-video-preview:-1\" \/>\n<link rel=\"canonical\" href=\"https:\/\/www.ethicalfinnpl.com\/it\/informativa-privacy\/\" \/>\n<meta name=\"twitter:card\" content=\"summary_large_image\" \/>\n<meta name=\"twitter:title\" content=\"Informativa privacy - EthicalFin NPL\" \/>\n<meta name=\"twitter:description\" content=\"[vc_row][vc_column][vc_empty_space][\/vc_column][\/vc_row][vc_row][vc_column][vc_column_text]La presente informativa, resa ai sensi dell\u2019art. 13 GDPR (Reg. UE 2016\/679), descrive le modalit\u00e0 di gestione del sito in riferimento al trattamento dei dati personali degli Utenti che lo consultano. In particolare, il trattamento dei dati degli Utenti, reso necessario dalle finalit\u00e0 di seguito illustrate, sar\u00e0 svolto nel pieno rispetto della vigente normativa e [&hellip;]\" \/>\n<meta name=\"twitter:label1\" content=\"Tempo di lettura stimato\" \/>\n\t<meta name=\"twitter:data1\" content=\"4 minuti\" \/>\n<script type=\"application\/ld+json\" class=\"yoast-schema-graph\">{\"@context\":\"https:\\\/\\\/schema.org\",\"@graph\":[{\"@type\":\"WebPage\",\"@id\":\"https:\\\/\\\/www.ethicalfinnpl.com\\\/it\\\/informativa-privacy\\\/\",\"url\":\"https:\\\/\\\/www.ethicalfinnpl.com\\\/it\\\/informativa-privacy\\\/\",\"name\":\"Informativa privacy - EthicalFin NPL\",\"isPartOf\":{\"@id\":\"https:\\\/\\\/www.ethicalfinnpl.com\\\/it\\\/#website\"},\"datePublished\":\"2020-10-15T10:51:58+00:00\",\"dateModified\":\"2023-04-28T16:07:51+00:00\",\"breadcrumb\":{\"@id\":\"https:\\\/\\\/www.ethicalfinnpl.com\\\/it\\\/informativa-privacy\\\/#breadcrumb\"},\"inLanguage\":\"it-IT\",\"potentialAction\":[{\"@type\":\"ReadAction\",\"target\":[\"https:\\\/\\\/www.ethicalfinnpl.com\\\/it\\\/informativa-privacy\\\/\"]}]},{\"@type\":\"BreadcrumbList\",\"@id\":\"https:\\\/\\\/www.ethicalfinnpl.com\\\/it\\\/informativa-privacy\\\/#breadcrumb\",\"itemListElement\":[{\"@type\":\"ListItem\",\"position\":1,\"name\":\"Home\",\"item\":\"https:\\\/\\\/www.ethicalfinnpl.com\\\/it\\\/\"},{\"@type\":\"ListItem\",\"position\":2,\"name\":\"Informativa privacy\"}]},{\"@type\":\"WebSite\",\"@id\":\"https:\\\/\\\/www.ethicalfinnpl.com\\\/it\\\/#website\",\"url\":\"https:\\\/\\\/www.ethicalfinnpl.com\\\/it\\\/\",\"name\":\"EthicalFin NPL\",\"description\":\"Sustainable Growth Capital Partners\",\"publisher\":{\"@id\":\"https:\\\/\\\/www.ethicalfinnpl.com\\\/it\\\/#organization\"},\"potentialAction\":[{\"@type\":\"SearchAction\",\"target\":{\"@type\":\"EntryPoint\",\"urlTemplate\":\"https:\\\/\\\/www.ethicalfinnpl.com\\\/it\\\/?s={search_term_string}\"},\"query-input\":{\"@type\":\"PropertyValueSpecification\",\"valueRequired\":true,\"valueName\":\"search_term_string\"}}],\"inLanguage\":\"it-IT\"},{\"@type\":\"Organization\",\"@id\":\"https:\\\/\\\/www.ethicalfinnpl.com\\\/it\\\/#organization\",\"name\":\"Ethicalfin NPL\",\"url\":\"https:\\\/\\\/www.ethicalfinnpl.com\\\/it\\\/\",\"logo\":{\"@type\":\"ImageObject\",\"inLanguage\":\"it-IT\",\"@id\":\"https:\\\/\\\/www.ethicalfinnpl.com\\\/it\\\/#\\\/schema\\\/logo\\\/image\\\/\",\"url\":\"https:\\\/\\\/www.ethicalfinnpl.com\\\/wp-content\\\/uploads\\\/2020\\\/07\\\/EF_logo_white_square_640.png\",\"contentUrl\":\"https:\\\/\\\/www.ethicalfinnpl.com\\\/wp-content\\\/uploads\\\/2020\\\/07\\\/EF_logo_white_square_640.png\",\"width\":480,\"height\":480,\"caption\":\"Ethicalfin NPL\"},\"image\":{\"@id\":\"https:\\\/\\\/www.ethicalfinnpl.com\\\/it\\\/#\\\/schema\\\/logo\\\/image\\\/\"},\"sameAs\":[\"https:\\\/\\\/www.linkedin.com\\\/company\\\/ethicalfin-npl\\\/\"]}]}<\/script>\n<!-- \/ Yoast SEO plugin. -->","yoast_head_json":{"title":"Informativa privacy - EthicalFin NPL","robots":{"index":"index","follow":"follow","max-snippet":"max-snippet:-1","max-image-preview":"max-image-preview:large","max-video-preview":"max-video-preview:-1"},"canonical":"https:\/\/www.ethicalfinnpl.com\/it\/informativa-privacy\/","twitter_card":"summary_large_image","twitter_title":"Informativa privacy - EthicalFin NPL","twitter_description":"[vc_row][vc_column][vc_empty_space][\/vc_column][\/vc_row][vc_row][vc_column][vc_column_text]La presente informativa, resa ai sensi dell\u2019art. 13 GDPR (Reg. UE 2016\/679), descrive le modalit\u00e0 di gestione del sito in riferimento al trattamento dei dati personali degli Utenti che lo consultano. In particolare, il trattamento dei dati degli Utenti, reso necessario dalle finalit\u00e0 di seguito illustrate, sar\u00e0 svolto nel pieno rispetto della vigente normativa e [&hellip;]","twitter_misc":{"Tempo di lettura stimato":"4 minuti"},"schema":{"@context":"https:\/\/schema.org","@graph":[{"@type":"WebPage","@id":"https:\/\/www.ethicalfinnpl.com\/it\/informativa-privacy\/","url":"https:\/\/www.ethicalfinnpl.com\/it\/informativa-privacy\/","name":"Informativa privacy - EthicalFin NPL","isPartOf":{"@id":"https:\/\/www.ethicalfinnpl.com\/it\/#website"},"datePublished":"2020-10-15T10:51:58+00:00","dateModified":"2023-04-28T16:07:51+00:00","breadcrumb":{"@id":"https:\/\/www.ethicalfinnpl.com\/it\/informativa-privacy\/#breadcrumb"},"inLanguage":"it-IT","potentialAction":[{"@type":"ReadAction","target":["https:\/\/www.ethicalfinnpl.com\/it\/informativa-privacy\/"]}]},{"@type":"BreadcrumbList","@id":"https:\/\/www.ethicalfinnpl.com\/it\/informativa-privacy\/#breadcrumb","itemListElement":[{"@type":"ListItem","position":1,"name":"Home","item":"https:\/\/www.ethicalfinnpl.com\/it\/"},{"@type":"ListItem","position":2,"name":"Informativa privacy"}]},{"@type":"WebSite","@id":"https:\/\/www.ethicalfinnpl.com\/it\/#website","url":"https:\/\/www.ethicalfinnpl.com\/it\/","name":"EthicalFin NPL","description":"Sustainable Growth Capital Partners","publisher":{"@id":"https:\/\/www.ethicalfinnpl.com\/it\/#organization"},"potentialAction":[{"@type":"SearchAction","target":{"@type":"EntryPoint","urlTemplate":"https:\/\/www.ethicalfinnpl.com\/it\/?s={search_term_string}"},"query-input":{"@type":"PropertyValueSpecification","valueRequired":true,"valueName":"search_term_string"}}],"inLanguage":"it-IT"},{"@type":"Organization","@id":"https:\/\/www.ethicalfinnpl.com\/it\/#organization","name":"Ethicalfin NPL","url":"https:\/\/www.ethicalfinnpl.com\/it\/","logo":{"@type":"ImageObject","inLanguage":"it-IT","@id":"https:\/\/www.ethicalfinnpl.com\/it\/#\/schema\/logo\/image\/","url":"https:\/\/www.ethicalfinnpl.com\/wp-content\/uploads\/2020\/07\/EF_logo_white_square_640.png","contentUrl":"https:\/\/www.ethicalfinnpl.com\/wp-content\/uploads\/2020\/07\/EF_logo_white_square_640.png","width":480,"height":480,"caption":"Ethicalfin NPL"},"image":{"@id":"https:\/\/www.ethicalfinnpl.com\/it\/#\/schema\/logo\/image\/"},"sameAs":["https:\/\/www.linkedin.com\/company\/ethicalfin-npl\/"]}]}},"_links":{"self":[{"href":"https:\/\/www.ethicalfinnpl.com\/it\/wp-json\/wp\/v2\/pages\/13675","targetHints":{"allow":["GET"]}}],"collection":[{"href":"https:\/\/www.ethicalfinnpl.com\/it\/wp-json\/wp\/v2\/pages"}],"about":[{"href":"https:\/\/www.ethicalfinnpl.com\/it\/wp-json\/wp\/v2\/types\/page"}],"author":[{"embeddable":true,"href":"https:\/\/www.ethicalfinnpl.com\/it\/wp-json\/wp\/v2\/users\/3"}],"replies":[{"embeddable":true,"href":"https:\/\/www.ethicalfinnpl.com\/it\/wp-json\/wp\/v2\/comments?post=13675"}],"version-history":[{"count":0,"href":"https:\/\/www.ethicalfinnpl.com\/it\/wp-json\/wp\/v2\/pages\/13675\/revisions"}],"wp:attachment":[{"href":"https:\/\/www.ethicalfinnpl.com\/it\/wp-json\/wp\/v2\/media?parent=13675"}],"curies":[{"name":"wp","href":"https:\/\/api.w.org\/{rel}","templated":true}]}}