{"id":13676,"date":"2020-10-15T14:29:34","date_gmt":"2020-10-15T12:29:34","guid":{"rendered":"https:\/\/ethicalfin.wpengine.com\/glossario-degli-npl\/"},"modified":"2022-11-28T13:07:54","modified_gmt":"2022-11-28T12:07:54","slug":"glossario-degli-npl","status":"publish","type":"page","link":"https:\/\/www.ethicalfinnpl.com\/it\/glossario-degli-npl\/","title":{"rendered":"Glossario degli NPL"},"content":{"rendered":"<div class=\"wpb-content-wrapper\"><p>[vc_row][vc_column][vc_empty_space][\/vc_column][\/vc_row][vc_row][vc_column][vc_column_text]<\/p>\n<div>\n<p><b>CARTOLARIZZAZIONE DI NPL:<br \/>\n<\/b>\u00c8 il processo attraverso il quale le banche liberano il proprio bilancio dagli NPLs offrendoli sul mercato (vedi anche <a href=\"https:\/\/www.ethicalfinnpl.com\/it\/servizi\/domande-e-risposte\/\">qui<\/a>).<\/p>\n<p><strong style=\"letter-spacing: 0px;\">NPL<\/strong><span style=\"letter-spacing: 0px;\"><span style=\"letter-spacing: 0px;\"><strong>:<br \/>\n<\/strong><\/span><\/span><span style=\"letter-spacing: 0px;\">Un credito bancario viene considerato \u201cNon Performante\u201d, secondo la definizione della BCE, quando il debitore non paga entro 90 giorni le rate insolute. Tali crediti vengono definiti \u201cNon Performanti\u201d perch\u00e8 la banca non prevede pi\u00f9 di recuperarli e la loro presenza pesa enormemente sul bilancio bancario.<\/span><\/p>\n<\/div>\n<div>\n<p><strong><br \/>\nSPECIAL SERVICER:<br \/>\n<\/strong>Si tratta di una societ\u00e0, tipicamente una banca o un intermediario ex articolo 106 (T.U.B.), che svolge compiti di natura regolamentare \u201cmaster servicer\u201d (ad esempio, rapporti con l\u2019autorit\u00e0 di vigilanza, questioni burocratiche) e attivit\u00e0 di gestione del portafogli. Quest\u2019ultima attivit\u00e0 viene frequentemente delegata ad altre societ\u00e0, dette sub-servicer.<\/p>\n<p><strong style=\"letter-spacing: 0px;\">SUB-SERVICER:<br \/>\n<\/strong><span style=\"letter-spacing: 0px;\">Il sub-servicer \u00e8 una societ\u00e0, tipicamente in possesso di licenza ex articolo 115 (T.U.L.P.S.), che si occupa della gestione dei portafogli NPL e del recupero dei crediti su incarico dello special servicer, che, in tal caso, ricopre esclusivamente il ruolo di \u201cmaster servicer\u201d (sulle funzioni del sub-servicer, vedi anche <a href=\"https:\/\/www.ethicalfinnpl.com\/it\/servizi\/domande-e-risposte\/\">qui<\/a>). EthicalFin NPL \u00e8 una societ\u00e0 che svolge attivit\u00e0 di sub-servicing.<\/span><\/p>\n<p><strong style=\"letter-spacing: 0px;\">UTP:<br \/>\n<\/strong><span style=\"letter-spacing: 0px;\">Acronimo che sta per \u201cUnlikely To Pay\u201d. Secondo la definizione della Banca d\u2019Italia, gli UTP sono i crediti per i quali la banca ritiene difficile realizzare il rientro e che dunque classifica come \u201cprobabili inadempienze\u201d. A differenza degli NPLs, non si tratta di situazioni di totale insolvibilit\u00e0 ma solo di improbabilit\u00e0 di adempimento al pagamento. Vi sono, infatti, numerosi modi per permettere al debitore di rientrare nel pagamento previsto.<\/span><\/p>\n<\/div>\n<p>[\/vc_column_text][\/vc_column][\/vc_row]<\/p>\n<\/div>","protected":false},"excerpt":{"rendered":"<p>[vc_row][vc_column][vc_empty_space][\/vc_column][\/vc_row][vc_row][vc_column][vc_column_text] CARTOLARIZZAZIONE DI NPL: \u00c8 il processo attraverso il quale le banche liberano il proprio bilancio dagli NPLs offrendoli sul mercato (vedi anche qui). NPL: Un credito bancario viene considerato \u201cNon Performante\u201d, secondo la definizione della BCE, quando il debitore non paga entro 90 giorni le rate insolute. Tali crediti vengono definiti \u201cNon Performanti\u201d perch\u00e8 [&hellip;]<\/p>\n","protected":false},"author":6,"featured_media":0,"parent":0,"menu_order":0,"comment_status":"closed","ping_status":"closed","template":"","meta":{"_acf_changed":false,"footnotes":""},"class_list":["post-13676","page","type-page","status-publish","hentry"],"acf":[],"yoast_head":"<!-- This site is optimized with the Yoast SEO plugin v27.5 - https:\/\/yoast.com\/product\/yoast-seo-wordpress\/ -->\n<title>Glossario degli NPL - EthicalFin NPL<\/title>\n<meta name=\"description\" content=\"Il glossario degli NPL: cosa sono gli NPL e quali sono i principali attori del processo di cartolarizzazione.\" \/>\n<meta name=\"robots\" content=\"index, follow, max-snippet:-1, max-image-preview:large, max-video-preview:-1\" \/>\n<link rel=\"canonical\" href=\"https:\/\/www.ethicalfinnpl.com\/it\/glossario-degli-npl\/\" \/>\n<meta name=\"twitter:card\" content=\"summary_large_image\" \/>\n<meta name=\"twitter:title\" content=\"Glossario degli NPL - EthicalFin NPL\" \/>\n<meta name=\"twitter:description\" content=\"Il glossario degli NPL: cosa sono gli NPL e quali sono i principali attori del processo di cartolarizzazione.\" \/>\n<meta name=\"twitter:label1\" content=\"Tempo di lettura stimato\" \/>\n\t<meta name=\"twitter:data1\" content=\"2 minuti\" \/>\n<script type=\"application\/ld+json\" class=\"yoast-schema-graph\">{\"@context\":\"https:\\\/\\\/schema.org\",\"@graph\":[{\"@type\":\"WebPage\",\"@id\":\"https:\\\/\\\/www.ethicalfinnpl.com\\\/it\\\/glossario-degli-npl\\\/\",\"url\":\"https:\\\/\\\/www.ethicalfinnpl.com\\\/it\\\/glossario-degli-npl\\\/\",\"name\":\"Glossario degli NPL - EthicalFin NPL\",\"isPartOf\":{\"@id\":\"https:\\\/\\\/www.ethicalfinnpl.com\\\/it\\\/#website\"},\"datePublished\":\"2020-10-15T12:29:34+00:00\",\"dateModified\":\"2022-11-28T12:07:54+00:00\",\"description\":\"Il glossario degli NPL: cosa sono gli NPL e quali sono i principali attori del processo di cartolarizzazione.\",\"breadcrumb\":{\"@id\":\"https:\\\/\\\/www.ethicalfinnpl.com\\\/it\\\/glossario-degli-npl\\\/#breadcrumb\"},\"inLanguage\":\"it-IT\",\"potentialAction\":[{\"@type\":\"ReadAction\",\"target\":[\"https:\\\/\\\/www.ethicalfinnpl.com\\\/it\\\/glossario-degli-npl\\\/\"]}]},{\"@type\":\"BreadcrumbList\",\"@id\":\"https:\\\/\\\/www.ethicalfinnpl.com\\\/it\\\/glossario-degli-npl\\\/#breadcrumb\",\"itemListElement\":[{\"@type\":\"ListItem\",\"position\":1,\"name\":\"Home\",\"item\":\"https:\\\/\\\/www.ethicalfinnpl.com\\\/it\\\/\"},{\"@type\":\"ListItem\",\"position\":2,\"name\":\"Glossario degli NPL\"}]},{\"@type\":\"WebSite\",\"@id\":\"https:\\\/\\\/www.ethicalfinnpl.com\\\/it\\\/#website\",\"url\":\"https:\\\/\\\/www.ethicalfinnpl.com\\\/it\\\/\",\"name\":\"EthicalFin NPL\",\"description\":\"Sustainable Growth Capital Partners\",\"publisher\":{\"@id\":\"https:\\\/\\\/www.ethicalfinnpl.com\\\/it\\\/#organization\"},\"potentialAction\":[{\"@type\":\"SearchAction\",\"target\":{\"@type\":\"EntryPoint\",\"urlTemplate\":\"https:\\\/\\\/www.ethicalfinnpl.com\\\/it\\\/?s={search_term_string}\"},\"query-input\":{\"@type\":\"PropertyValueSpecification\",\"valueRequired\":true,\"valueName\":\"search_term_string\"}}],\"inLanguage\":\"it-IT\"},{\"@type\":\"Organization\",\"@id\":\"https:\\\/\\\/www.ethicalfinnpl.com\\\/it\\\/#organization\",\"name\":\"Ethicalfin NPL\",\"url\":\"https:\\\/\\\/www.ethicalfinnpl.com\\\/it\\\/\",\"logo\":{\"@type\":\"ImageObject\",\"inLanguage\":\"it-IT\",\"@id\":\"https:\\\/\\\/www.ethicalfinnpl.com\\\/it\\\/#\\\/schema\\\/logo\\\/image\\\/\",\"url\":\"https:\\\/\\\/www.ethicalfinnpl.com\\\/wp-content\\\/uploads\\\/2020\\\/07\\\/EF_logo_white_square_640.png\",\"contentUrl\":\"https:\\\/\\\/www.ethicalfinnpl.com\\\/wp-content\\\/uploads\\\/2020\\\/07\\\/EF_logo_white_square_640.png\",\"width\":480,\"height\":480,\"caption\":\"Ethicalfin NPL\"},\"image\":{\"@id\":\"https:\\\/\\\/www.ethicalfinnpl.com\\\/it\\\/#\\\/schema\\\/logo\\\/image\\\/\"},\"sameAs\":[\"https:\\\/\\\/www.linkedin.com\\\/company\\\/ethicalfin-npl\\\/\"]}]}<\/script>\n<!-- \/ Yoast SEO plugin. -->","yoast_head_json":{"title":"Glossario degli NPL - EthicalFin NPL","description":"Il glossario degli NPL: cosa sono gli NPL e quali sono i principali attori del processo di cartolarizzazione.","robots":{"index":"index","follow":"follow","max-snippet":"max-snippet:-1","max-image-preview":"max-image-preview:large","max-video-preview":"max-video-preview:-1"},"canonical":"https:\/\/www.ethicalfinnpl.com\/it\/glossario-degli-npl\/","twitter_card":"summary_large_image","twitter_title":"Glossario degli NPL - EthicalFin NPL","twitter_description":"Il glossario degli NPL: cosa sono gli NPL e quali sono i principali attori del processo di cartolarizzazione.","twitter_misc":{"Tempo di lettura stimato":"2 minuti"},"schema":{"@context":"https:\/\/schema.org","@graph":[{"@type":"WebPage","@id":"https:\/\/www.ethicalfinnpl.com\/it\/glossario-degli-npl\/","url":"https:\/\/www.ethicalfinnpl.com\/it\/glossario-degli-npl\/","name":"Glossario degli NPL - EthicalFin NPL","isPartOf":{"@id":"https:\/\/www.ethicalfinnpl.com\/it\/#website"},"datePublished":"2020-10-15T12:29:34+00:00","dateModified":"2022-11-28T12:07:54+00:00","description":"Il glossario degli NPL: cosa sono gli NPL e quali sono i principali attori del processo di cartolarizzazione.","breadcrumb":{"@id":"https:\/\/www.ethicalfinnpl.com\/it\/glossario-degli-npl\/#breadcrumb"},"inLanguage":"it-IT","potentialAction":[{"@type":"ReadAction","target":["https:\/\/www.ethicalfinnpl.com\/it\/glossario-degli-npl\/"]}]},{"@type":"BreadcrumbList","@id":"https:\/\/www.ethicalfinnpl.com\/it\/glossario-degli-npl\/#breadcrumb","itemListElement":[{"@type":"ListItem","position":1,"name":"Home","item":"https:\/\/www.ethicalfinnpl.com\/it\/"},{"@type":"ListItem","position":2,"name":"Glossario degli NPL"}]},{"@type":"WebSite","@id":"https:\/\/www.ethicalfinnpl.com\/it\/#website","url":"https:\/\/www.ethicalfinnpl.com\/it\/","name":"EthicalFin NPL","description":"Sustainable Growth Capital Partners","publisher":{"@id":"https:\/\/www.ethicalfinnpl.com\/it\/#organization"},"potentialAction":[{"@type":"SearchAction","target":{"@type":"EntryPoint","urlTemplate":"https:\/\/www.ethicalfinnpl.com\/it\/?s={search_term_string}"},"query-input":{"@type":"PropertyValueSpecification","valueRequired":true,"valueName":"search_term_string"}}],"inLanguage":"it-IT"},{"@type":"Organization","@id":"https:\/\/www.ethicalfinnpl.com\/it\/#organization","name":"Ethicalfin NPL","url":"https:\/\/www.ethicalfinnpl.com\/it\/","logo":{"@type":"ImageObject","inLanguage":"it-IT","@id":"https:\/\/www.ethicalfinnpl.com\/it\/#\/schema\/logo\/image\/","url":"https:\/\/www.ethicalfinnpl.com\/wp-content\/uploads\/2020\/07\/EF_logo_white_square_640.png","contentUrl":"https:\/\/www.ethicalfinnpl.com\/wp-content\/uploads\/2020\/07\/EF_logo_white_square_640.png","width":480,"height":480,"caption":"Ethicalfin NPL"},"image":{"@id":"https:\/\/www.ethicalfinnpl.com\/it\/#\/schema\/logo\/image\/"},"sameAs":["https:\/\/www.linkedin.com\/company\/ethicalfin-npl\/"]}]}},"_links":{"self":[{"href":"https:\/\/www.ethicalfinnpl.com\/it\/wp-json\/wp\/v2\/pages\/13676","targetHints":{"allow":["GET"]}}],"collection":[{"href":"https:\/\/www.ethicalfinnpl.com\/it\/wp-json\/wp\/v2\/pages"}],"about":[{"href":"https:\/\/www.ethicalfinnpl.com\/it\/wp-json\/wp\/v2\/types\/page"}],"author":[{"embeddable":true,"href":"https:\/\/www.ethicalfinnpl.com\/it\/wp-json\/wp\/v2\/users\/6"}],"replies":[{"embeddable":true,"href":"https:\/\/www.ethicalfinnpl.com\/it\/wp-json\/wp\/v2\/comments?post=13676"}],"version-history":[{"count":0,"href":"https:\/\/www.ethicalfinnpl.com\/it\/wp-json\/wp\/v2\/pages\/13676\/revisions"}],"wp:attachment":[{"href":"https:\/\/www.ethicalfinnpl.com\/it\/wp-json\/wp\/v2\/media?parent=13676"}],"curies":[{"name":"wp","href":"https:\/\/api.w.org\/{rel}","templated":true}]}}