{"id":13689,"date":"2020-10-15T16:41:45","date_gmt":"2020-10-15T14:41:45","guid":{"rendered":"https:\/\/ethicalfin.wpengine.com\/servizi\/domande-e-risposte\/"},"modified":"2021-11-25T10:39:40","modified_gmt":"2021-11-25T09:39:40","slug":"domande-e-risposte","status":"publish","type":"page","link":"https:\/\/www.ethicalfinnpl.com\/it\/servizi\/domande-e-risposte\/","title":{"rendered":"Domande e Risposte"},"content":{"rendered":"<div class=\"wpb-content-wrapper\"><p>[vc_row thsn-bg-color=&#8221;white&#8221; css=&#8221;.vc_custom_1569563391426{padding-top: 100px !important;}&#8221;][vc_column][vc_row_inner][vc_column_inner][\/vc_column_inner][\/vc_row_inner][vc_tta_accordion shape=&#8221;square&#8221; color=&#8221;white&#8221; spacing=&#8221;30&#8243; c_position=&#8221;right&#8221; active_section=&#8221;1&#8243; el_class=&#8221;thsn-faq&#8221;][vc_tta_section title=&#8221;1. Cosa \u00e8 la cartolarizzazione dei crediti deteriorati (NPL)?&#8221; tab_id=&#8221;1540103971652-c593d570-a304&#8243;][vc_column_text]<strong>La cartolarizzazione \u00e8\u00a0<\/strong><b>un processo che permette alla banca di vendere rapidamente crediti deteriorati (NPL)\u00a0<\/b><strong>e\u00a0ottenere liquidit\u00e0 immediata\u00a0<\/strong>(per il significato di NPL, clicca <a href=\"https:\/\/www.ethicalfinnpl.com\/it\/glossario-degli-npl\/\">qui<\/a>).<br \/>\nLo scopo della cartolarizzazione \u00e8 quello di alleggerire il bilancio di una banca da crediti che non producono alcun profitto.[\/vc_column_text][\/vc_tta_section][vc_tta_section title=&#8221;2. Come avviene la cartolarizzazione dei crediti deteriorati?&#8221; tab_id=&#8221;1540104176688-52302450-76c8&#8243;][vc_column_text]<strong>La cartolarizzazione inizia<\/strong>\u00a0<b>con il trasferimento di un portafoglio di NPL ad una societ\u00e0, detta societ\u00e0 veicolo o SPV\u00a0<\/b>(Special Purpose Vehicle), <strong>creata appositamente per acquistare i crediti deteriorati e fornire liquidit\u00e0 immediata alla banca<\/strong>. In breve i vari passaggi del processo di cartolarizzazione:<\/p>\n<ol>\n<li>Una banca decide di vendere i crediti deteriorati (NPL) che pesano sul suo bilancio<\/li>\n<li>La SPV colloca i crediti presso gli investitori e utilizza il ricavato per acquistarli dalla banca<\/li>\n<li>Al termine della cartolarizzazione, gli investitori sono i nuovi proprietari del credito. Dunque,\u00a0il rischio del credito ceduto si riverser\u00e0 su di loro e non pi\u00f9 sulla banca che l&#8217;ha venduto.<\/li>\n<\/ol>\n<p>[\/vc_column_text][\/vc_tta_section][vc_tta_section title=&#8221;3. Il servicer e il sub-servicer sono collegati alla banca che cede il credito?&#8221; tab_id=&#8221;1605197948271-c66f23b0-2cc4&#8243;][vc_column_text]<\/p>\n<div><b>No, il servicer e il sub-servicer non sono collegati alla banca che cede il credito<\/b>.<br \/>\nUna volta concluso l\u2019accordo di cessione del credito, la gestione passa al servicer e\/o sub-servicer che lavora per conto dell\u2019investitore, acquirente del portafoglio di NPL (per il significato di sub-servicer, clicca <a href=\"https:\/\/www.ethicalfinnpl.com\/it\/glossario-degli-npl\/\">qui<\/a>).<\/div>\n<p>[\/vc_column_text][\/vc_tta_section][vc_tta_section title=&#8221;4. Quali sono i cambiamenti per il debitore, dopo la cartolarizzazione?&#8221; tab_id=&#8221;1540180176993-ccb265ec-bf0c&#8221;][vc_column_text]<\/p>\n<ul>\n<li>Una volta che il portafoglio \u00e8 stato ceduto dalla banca e acquistato dall&#8217;investitore (tramite la SPV), al debitore viene notificata la vendita del portafoglio e, dunque, del suo debito.<\/li>\n<li>Da questo momento in poi,\u00a0<b>il debitore non si interfaccer\u00e0 pi\u00f9 con la banca nei confronti della quale era obbligato, ma dovr\u00e0 contattare il sub-servicer <\/b>che ha in gestione il recupero del suo credito (per conto dell&#8217;investitore) e trovare insieme ad esso una soluzione per sanare il debito.<\/li>\n<\/ul>\n<p>[\/vc_column_text][\/vc_tta_section][vc_tta_section title=&#8221;5. Cosa \u00e8 la strategia win-win?&#8221; tab_id=&#8221;1540180193213-206c4b2e-ce15&#8243;][vc_column_text]<strong>La strategia win-win<\/strong>\u00a0<strong>consiste in un approccio teso al raggiungimento di un accordo vantaggioso per tutte le parti in gioco<\/strong>.<br \/>\nL&#8217;adozione di tale strategia \u00e8 particolarmente importante nell\u2019ambito di rapporti di negoziazione, in cui sono coinvolte parti con interessi contrapposti. In una negoziazione fra parti con interessi contrapposti, tali interessi possono facilmente generare contrasti. Ci\u00f2 pu\u00f2 essere evitato attraverso:<\/p>\n<ul>\n<li>l&#8217;instaurazione di un rapporto trasparente<\/li>\n<li>un atteggiamento positivo<\/li>\n<li>l\u2019ascolto reciproco<\/li>\n<li><span style=\"letter-spacing: 0px;\">una buona comunicazione.<\/span><\/li>\n<\/ul>\n<p>A proposito di strategia win-win, \u00e8 importante menzionare <strong>la soluzione stragiudiziale<\/strong>. Essa, infatti, laddove \u00e8 possibile intraprenderla, si configura come la strategia che:<\/p>\n<ul>\n<li>pi\u00f9 di frequente permette il raggiungimento di soluzioni win-win e quindi di accordi vantaggiosi sia per i debitori che per i creditori<\/li>\n<li>\u00e8 pi\u00f9 conveniente rispetto ad una vendita in sede giudiziale degli asset a garanzia, in quanto in sede giudiziale tale vendita avverrebbe ad un forte sconto rispetto ai valori di libero mercato e a fronte di costi di procedura elevati.<\/li>\n<\/ul>\n<p>[\/vc_column_text][\/vc_tta_section][\/vc_tta_accordion][\/vc_column][\/vc_row]<\/p>\n<\/div>","protected":false},"excerpt":{"rendered":"<p>[vc_row thsn-bg-color=&#8221;white&#8221; css=&#8221;.vc_custom_1569563391426{padding-top: 100px !important;}&#8221;][vc_column][vc_row_inner][vc_column_inner][\/vc_column_inner][\/vc_row_inner][vc_tta_accordion shape=&#8221;square&#8221; color=&#8221;white&#8221; spacing=&#8221;30&#8243; c_position=&#8221;right&#8221; active_section=&#8221;1&#8243; el_class=&#8221;thsn-faq&#8221;][vc_tta_section title=&#8221;1. Cosa \u00e8 la cartolarizzazione dei crediti deteriorati (NPL)?&#8221; tab_id=&#8221;1540103971652-c593d570-a304&#8243;][vc_column_text]La cartolarizzazione \u00e8\u00a0un processo che permette alla banca di vendere rapidamente crediti deteriorati (NPL)\u00a0e\u00a0ottenere liquidit\u00e0 immediata\u00a0(per il significato di NPL, clicca qui). Lo scopo della cartolarizzazione \u00e8 quello di alleggerire il bilancio di una banca [&hellip;]<\/p>\n","protected":false},"author":2,"featured_media":0,"parent":13687,"menu_order":10,"comment_status":"closed","ping_status":"closed","template":"","meta":{"_acf_changed":false,"footnotes":""},"class_list":["post-13689","page","type-page","status-publish","hentry"],"acf":[],"yoast_head":"<!-- This site is optimized with the Yoast SEO plugin v27.5 - https:\/\/yoast.com\/product\/yoast-seo-wordpress\/ -->\n<title>Domande e Risposte - EthicalFin NPL<\/title>\n<meta name=\"robots\" content=\"index, follow, max-snippet:-1, max-image-preview:large, max-video-preview:-1\" \/>\n<link rel=\"canonical\" href=\"https:\/\/www.ethicalfinnpl.com\/it\/servizi\/domande-e-risposte\/\" \/>\n<meta name=\"twitter:card\" content=\"summary_large_image\" \/>\n<meta name=\"twitter:title\" content=\"Domande e Risposte - EthicalFin NPL\" \/>\n<meta name=\"twitter:description\" content=\"[vc_row thsn-bg-color=&#8221;white&#8221; css=&#8221;.vc_custom_1569563391426{padding-top: 100px !important;}&#8221;][vc_column][vc_row_inner][vc_column_inner][\/vc_column_inner][\/vc_row_inner][vc_tta_accordion shape=&#8221;square&#8221; color=&#8221;white&#8221; spacing=&#8221;30&#8243; c_position=&#8221;right&#8221; active_section=&#8221;1&#8243; el_class=&#8221;thsn-faq&#8221;][vc_tta_section title=&#8221;1. Cosa \u00e8 la cartolarizzazione dei crediti deteriorati (NPL)?&#8221; tab_id=&#8221;1540103971652-c593d570-a304&#8243;][vc_column_text]La cartolarizzazione \u00e8\u00a0un processo che permette alla banca di vendere rapidamente crediti deteriorati (NPL)\u00a0e\u00a0ottenere liquidit\u00e0 immediata\u00a0(per il significato di NPL, clicca qui). Lo scopo della cartolarizzazione \u00e8 quello di alleggerire il bilancio di una banca [&hellip;]\" \/>\n<meta name=\"twitter:label1\" content=\"Tempo di lettura stimato\" \/>\n\t<meta name=\"twitter:data1\" content=\"3 minuti\" \/>\n<script type=\"application\/ld+json\" class=\"yoast-schema-graph\">{\"@context\":\"https:\\\/\\\/schema.org\",\"@graph\":[{\"@type\":\"WebPage\",\"@id\":\"https:\\\/\\\/www.ethicalfinnpl.com\\\/it\\\/servizi\\\/domande-e-risposte\\\/\",\"url\":\"https:\\\/\\\/www.ethicalfinnpl.com\\\/it\\\/servizi\\\/domande-e-risposte\\\/\",\"name\":\"Domande e Risposte - EthicalFin NPL\",\"isPartOf\":{\"@id\":\"https:\\\/\\\/www.ethicalfinnpl.com\\\/it\\\/#website\"},\"datePublished\":\"2020-10-15T14:41:45+00:00\",\"dateModified\":\"2021-11-25T09:39:40+00:00\",\"breadcrumb\":{\"@id\":\"https:\\\/\\\/www.ethicalfinnpl.com\\\/it\\\/servizi\\\/domande-e-risposte\\\/#breadcrumb\"},\"inLanguage\":\"it-IT\",\"potentialAction\":[{\"@type\":\"ReadAction\",\"target\":[\"https:\\\/\\\/www.ethicalfinnpl.com\\\/it\\\/servizi\\\/domande-e-risposte\\\/\"]}]},{\"@type\":\"BreadcrumbList\",\"@id\":\"https:\\\/\\\/www.ethicalfinnpl.com\\\/it\\\/servizi\\\/domande-e-risposte\\\/#breadcrumb\",\"itemListElement\":[{\"@type\":\"ListItem\",\"position\":1,\"name\":\"Home\",\"item\":\"https:\\\/\\\/www.ethicalfinnpl.com\\\/it\\\/\"},{\"@type\":\"ListItem\",\"position\":2,\"name\":\"Servizi\",\"item\":\"https:\\\/\\\/www.ethicalfinnpl.com\\\/it\\\/servizi\\\/\"},{\"@type\":\"ListItem\",\"position\":3,\"name\":\"Domande e Risposte\"}]},{\"@type\":\"WebSite\",\"@id\":\"https:\\\/\\\/www.ethicalfinnpl.com\\\/it\\\/#website\",\"url\":\"https:\\\/\\\/www.ethicalfinnpl.com\\\/it\\\/\",\"name\":\"EthicalFin NPL\",\"description\":\"Sustainable Growth Capital Partners\",\"publisher\":{\"@id\":\"https:\\\/\\\/www.ethicalfinnpl.com\\\/it\\\/#organization\"},\"potentialAction\":[{\"@type\":\"SearchAction\",\"target\":{\"@type\":\"EntryPoint\",\"urlTemplate\":\"https:\\\/\\\/www.ethicalfinnpl.com\\\/it\\\/?s={search_term_string}\"},\"query-input\":{\"@type\":\"PropertyValueSpecification\",\"valueRequired\":true,\"valueName\":\"search_term_string\"}}],\"inLanguage\":\"it-IT\"},{\"@type\":\"Organization\",\"@id\":\"https:\\\/\\\/www.ethicalfinnpl.com\\\/it\\\/#organization\",\"name\":\"Ethicalfin NPL\",\"url\":\"https:\\\/\\\/www.ethicalfinnpl.com\\\/it\\\/\",\"logo\":{\"@type\":\"ImageObject\",\"inLanguage\":\"it-IT\",\"@id\":\"https:\\\/\\\/www.ethicalfinnpl.com\\\/it\\\/#\\\/schema\\\/logo\\\/image\\\/\",\"url\":\"https:\\\/\\\/www.ethicalfinnpl.com\\\/wp-content\\\/uploads\\\/2020\\\/07\\\/EF_logo_white_square_640.png\",\"contentUrl\":\"https:\\\/\\\/www.ethicalfinnpl.com\\\/wp-content\\\/uploads\\\/2020\\\/07\\\/EF_logo_white_square_640.png\",\"width\":480,\"height\":480,\"caption\":\"Ethicalfin NPL\"},\"image\":{\"@id\":\"https:\\\/\\\/www.ethicalfinnpl.com\\\/it\\\/#\\\/schema\\\/logo\\\/image\\\/\"},\"sameAs\":[\"https:\\\/\\\/www.linkedin.com\\\/company\\\/ethicalfin-npl\\\/\"]}]}<\/script>\n<!-- \/ Yoast SEO plugin. -->","yoast_head_json":{"title":"Domande e Risposte - EthicalFin NPL","robots":{"index":"index","follow":"follow","max-snippet":"max-snippet:-1","max-image-preview":"max-image-preview:large","max-video-preview":"max-video-preview:-1"},"canonical":"https:\/\/www.ethicalfinnpl.com\/it\/servizi\/domande-e-risposte\/","twitter_card":"summary_large_image","twitter_title":"Domande e Risposte - EthicalFin NPL","twitter_description":"[vc_row thsn-bg-color=&#8221;white&#8221; css=&#8221;.vc_custom_1569563391426{padding-top: 100px !important;}&#8221;][vc_column][vc_row_inner][vc_column_inner][\/vc_column_inner][\/vc_row_inner][vc_tta_accordion shape=&#8221;square&#8221; color=&#8221;white&#8221; spacing=&#8221;30&#8243; c_position=&#8221;right&#8221; active_section=&#8221;1&#8243; el_class=&#8221;thsn-faq&#8221;][vc_tta_section title=&#8221;1. Cosa \u00e8 la cartolarizzazione dei crediti deteriorati (NPL)?&#8221; tab_id=&#8221;1540103971652-c593d570-a304&#8243;][vc_column_text]La cartolarizzazione \u00e8\u00a0un processo che permette alla banca di vendere rapidamente crediti deteriorati (NPL)\u00a0e\u00a0ottenere liquidit\u00e0 immediata\u00a0(per il significato di NPL, clicca qui). Lo scopo della cartolarizzazione \u00e8 quello di alleggerire il bilancio di una banca [&hellip;]","twitter_misc":{"Tempo di lettura stimato":"3 minuti"},"schema":{"@context":"https:\/\/schema.org","@graph":[{"@type":"WebPage","@id":"https:\/\/www.ethicalfinnpl.com\/it\/servizi\/domande-e-risposte\/","url":"https:\/\/www.ethicalfinnpl.com\/it\/servizi\/domande-e-risposte\/","name":"Domande e Risposte - EthicalFin NPL","isPartOf":{"@id":"https:\/\/www.ethicalfinnpl.com\/it\/#website"},"datePublished":"2020-10-15T14:41:45+00:00","dateModified":"2021-11-25T09:39:40+00:00","breadcrumb":{"@id":"https:\/\/www.ethicalfinnpl.com\/it\/servizi\/domande-e-risposte\/#breadcrumb"},"inLanguage":"it-IT","potentialAction":[{"@type":"ReadAction","target":["https:\/\/www.ethicalfinnpl.com\/it\/servizi\/domande-e-risposte\/"]}]},{"@type":"BreadcrumbList","@id":"https:\/\/www.ethicalfinnpl.com\/it\/servizi\/domande-e-risposte\/#breadcrumb","itemListElement":[{"@type":"ListItem","position":1,"name":"Home","item":"https:\/\/www.ethicalfinnpl.com\/it\/"},{"@type":"ListItem","position":2,"name":"Servizi","item":"https:\/\/www.ethicalfinnpl.com\/it\/servizi\/"},{"@type":"ListItem","position":3,"name":"Domande e Risposte"}]},{"@type":"WebSite","@id":"https:\/\/www.ethicalfinnpl.com\/it\/#website","url":"https:\/\/www.ethicalfinnpl.com\/it\/","name":"EthicalFin NPL","description":"Sustainable Growth Capital Partners","publisher":{"@id":"https:\/\/www.ethicalfinnpl.com\/it\/#organization"},"potentialAction":[{"@type":"SearchAction","target":{"@type":"EntryPoint","urlTemplate":"https:\/\/www.ethicalfinnpl.com\/it\/?s={search_term_string}"},"query-input":{"@type":"PropertyValueSpecification","valueRequired":true,"valueName":"search_term_string"}}],"inLanguage":"it-IT"},{"@type":"Organization","@id":"https:\/\/www.ethicalfinnpl.com\/it\/#organization","name":"Ethicalfin NPL","url":"https:\/\/www.ethicalfinnpl.com\/it\/","logo":{"@type":"ImageObject","inLanguage":"it-IT","@id":"https:\/\/www.ethicalfinnpl.com\/it\/#\/schema\/logo\/image\/","url":"https:\/\/www.ethicalfinnpl.com\/wp-content\/uploads\/2020\/07\/EF_logo_white_square_640.png","contentUrl":"https:\/\/www.ethicalfinnpl.com\/wp-content\/uploads\/2020\/07\/EF_logo_white_square_640.png","width":480,"height":480,"caption":"Ethicalfin NPL"},"image":{"@id":"https:\/\/www.ethicalfinnpl.com\/it\/#\/schema\/logo\/image\/"},"sameAs":["https:\/\/www.linkedin.com\/company\/ethicalfin-npl\/"]}]}},"_links":{"self":[{"href":"https:\/\/www.ethicalfinnpl.com\/it\/wp-json\/wp\/v2\/pages\/13689","targetHints":{"allow":["GET"]}}],"collection":[{"href":"https:\/\/www.ethicalfinnpl.com\/it\/wp-json\/wp\/v2\/pages"}],"about":[{"href":"https:\/\/www.ethicalfinnpl.com\/it\/wp-json\/wp\/v2\/types\/page"}],"author":[{"embeddable":true,"href":"https:\/\/www.ethicalfinnpl.com\/it\/wp-json\/wp\/v2\/users\/2"}],"replies":[{"embeddable":true,"href":"https:\/\/www.ethicalfinnpl.com\/it\/wp-json\/wp\/v2\/comments?post=13689"}],"version-history":[{"count":0,"href":"https:\/\/www.ethicalfinnpl.com\/it\/wp-json\/wp\/v2\/pages\/13689\/revisions"}],"up":[{"embeddable":true,"href":"https:\/\/www.ethicalfinnpl.com\/it\/wp-json\/wp\/v2\/pages\/13687"}],"wp:attachment":[{"href":"https:\/\/www.ethicalfinnpl.com\/it\/wp-json\/wp\/v2\/media?parent=13689"}],"curies":[{"name":"wp","href":"https:\/\/api.w.org\/{rel}","templated":true}]}}