{"id":13714,"date":"2020-10-19T17:00:15","date_gmt":"2020-10-19T15:00:15","guid":{"rendered":"https:\/\/ethicalfin.wpengine.com\/il-nostro-track-record\/"},"modified":"2025-06-04T07:11:57","modified_gmt":"2025-06-04T05:11:57","slug":"il-nostro-track-record","status":"publish","type":"page","link":"https:\/\/www.ethicalfinnpl.com\/it\/il-nostro-track-record\/","title":{"rendered":"Il nostro track record"},"content":{"rendered":"<div class=\"wpb-content-wrapper\"><p>[vc_row thsn-bg-color=&#8221;light&#8221; full_width=&#8221;stretch_row&#8221;][vc_column]<div  class=\"thsn-timeline\"><div class=\"thsn-timeline-inner\">\r\n\t\t\t\t\t\t<div class=\" col-sm-12 thsn-ourhistory thsn-ourhistory-type2 \">\r\n\t\t\t\t\t\t\t<div class=\"row thsn-ourhistory-row\">\r\n\t\t\t\t\t\t\t\t<div class=\"col-md-3  col-sm-3 col-xs-3\">\r\n\t\t\t\t\t\t\t\t\t\r\n\t\t\t\t\t\t\t\t<\/div>\r\n\t\t\t\t\t\t\t\t<div class=\"col-md-1 thsn-ourhistory-left\">\r\n\t\t\t\t\t\t\t\t\t<span class=\"label\">2017<\/span>\r\n\t\t\t\t\t\t\t\t<\/div>\r\n\t\t\t\t\t\t\t\t<div class=\"col-md-8 col-sm-8 col-xs-8 thsn-ourhistory-right\">\r\n\t\t\t\t\t\t\t\t\t<span class=\"thsn-timeline-image\"><\/span>\r\n\t\t\t\t\t\t\t\t\t<span class=\"label\">2017<\/span>\r\n\t\t\t\t\t\t\t\t\t<div class=\"content\">\r\n\t\t\t\t\t\t\t\t\t\t<h4><\/h4>\r\n\t\t\t\t\t\t\t\t\t\t<div class=\"simple-text\">\r\n\t\t\t\t\t\t\t\t\t\t\t<p>LUGLIO | Nasce EthicalFin NPL, fondata da Alfredo Fineschi (CEO e Co-founder) e Alessandro Mele (Co-founder e CEO di EthicalFin LTD, una societ\u00e0 di consulenza finanziaria basata a Londra).\n\nSETTEMBRE | Attivit\u00e0 di due diligence, on boarding e data remediation su incarico di una SPV di diritto lussemburghese su un portafoglio di crediti chirografari con GBV di oltre \u20ac 5 milioni, acquisito da BCC Pratese.\n<br\/>\n<br\/>\nNOVEMBRE | Rilascio dalla questura della licenza per l\u2019esercizio dell\u2019attivit\u00e0 di recupero crediti ex art. 115 TULPS.\n<br\/>\n<br\/>\nDICEMBRE | Acquisizione, in JV con Credires S.r.l., di un portafoglio di crediti chirografari da SPV (originator: 3 banche del nord Italia) con un GBV di oltre \u20ac 3,7 milioni.\n<br\/>\n<br\/>\nDICEMBRE | Acquisizione di un portafoglio NPL di crediti commerciali - composto da oltre 1300 posizioni per un GBV di quasi \u20ac 10 milioni - da una SPV di diritto lussemburghese.<\/p>\r\n\t\t\t\t\t\t\t\t\t\t<\/div>\r\n\t\t\t\t\t\t\t\t\t<\/div>\r\n\t\t\t\t\t\t\t\t<\/div>\r\n\t\t\t\t\t\t\t<\/div> \r\n\t\t\t\t\t\t<\/div>\r\n\t\t\t\t\t\r\n\t\t\t\t\t\t<div class=\" col-sm-12 thsn-ourhistory thsn-ourhistory-type2 \">\r\n\t\t\t\t\t\t\t<div class=\"row thsn-ourhistory-row\">\r\n\t\t\t\t\t\t\t\t<div class=\"col-md-3  col-sm-3 col-xs-3\">\r\n\t\t\t\t\t\t\t\t\t\r\n\t\t\t\t\t\t\t\t<\/div>\r\n\t\t\t\t\t\t\t\t<div class=\"col-md-1 thsn-ourhistory-left\">\r\n\t\t\t\t\t\t\t\t\t<span class=\"label\">2018<\/span>\r\n\t\t\t\t\t\t\t\t<\/div>\r\n\t\t\t\t\t\t\t\t<div class=\"col-md-8 col-sm-8 col-xs-8 thsn-ourhistory-right\">\r\n\t\t\t\t\t\t\t\t\t<span class=\"thsn-timeline-image\"><\/span>\r\n\t\t\t\t\t\t\t\t\t<span class=\"label\">2018<\/span>\r\n\t\t\t\t\t\t\t\t\t<div class=\"content\">\r\n\t\t\t\t\t\t\t\t\t\t<h4><\/h4>\r\n\t\t\t\t\t\t\t\t\t\t<div class=\"simple-text\">\r\n\t\t\t\t\t\t\t\t\t\t\t<p>APRILE | Attivit\u00e0 di on Boarding e data remediation di un portafoglio NPL ipotecario e chirografario (originator banca MPS) - composto da oltre 300 posizioni e con un GBV di oltre \u20ac 100 milioni - per conto di uno dei pi\u00f9 importanti servicer NPL in Italia.\n<br\/>\n<br\/>\nNOVEMBRE | Attivit\u00e0 di on Boarding e data remediation di un portafoglio NPL ipotecario e chirografario (originator Banca Popolare di Bari) - composto da quasi 600 posizioni e con un GBV di oltre \u20ac 80 milioni - per conto di un importante servicer NPL italiano.\n<br\/>\n<br\/>\nDICEMBRE | Advisor di un importante fondo statunitense nell\u2019operazione di acquisto di un portafoglio NPL ipotecario e chirografario (originator BCC Monastier e del Sile), composto da quasi 300 posizioni e con un GBV complessivo di \u20ac 33 milioni.<\/p>\r\n\t\t\t\t\t\t\t\t\t\t<\/div>\r\n\t\t\t\t\t\t\t\t\t<\/div>\r\n\t\t\t\t\t\t\t\t<\/div>\r\n\t\t\t\t\t\t\t<\/div> \r\n\t\t\t\t\t\t<\/div>\r\n\t\t\t\t\t\r\n\t\t\t\t\t\t<div class=\" col-sm-12 thsn-ourhistory thsn-ourhistory-type2 \">\r\n\t\t\t\t\t\t\t<div class=\"row thsn-ourhistory-row\">\r\n\t\t\t\t\t\t\t\t<div class=\"col-md-3  col-sm-3 col-xs-3\">\r\n\t\t\t\t\t\t\t\t\t\r\n\t\t\t\t\t\t\t\t<\/div>\r\n\t\t\t\t\t\t\t\t<div class=\"col-md-1 thsn-ourhistory-left\">\r\n\t\t\t\t\t\t\t\t\t<span class=\"label\">2019<\/span>\r\n\t\t\t\t\t\t\t\t<\/div>\r\n\t\t\t\t\t\t\t\t<div class=\"col-md-8 col-sm-8 col-xs-8 thsn-ourhistory-right\">\r\n\t\t\t\t\t\t\t\t\t<span class=\"thsn-timeline-image\"><\/span>\r\n\t\t\t\t\t\t\t\t\t<span class=\"label\">2019<\/span>\r\n\t\t\t\t\t\t\t\t\t<div class=\"content\">\r\n\t\t\t\t\t\t\t\t\t\t<h4><\/h4>\r\n\t\t\t\t\t\t\t\t\t\t<div class=\"simple-text\">\r\n\t\t\t\t\t\t\t\t\t\t\t<p>SETTEMBRE | Attivit\u00e0 di on Boarding e data remediation di un portafoglio NPL ipotecario e chirografario (originator Unicredit Banca) - composto da quasi 800 posizioni e con un GBV di oltre \u20ac 90 milioni per conto di un importante servicer NPL italiano.\n<br\/>\n<br\/>\nDICEMBRE | Advisor per conto di un importante fondo d'investimento statunitense nell\u2019operazione di acquisto di un portafoglio NPL ipotecario e chirografario (originator BCC Credito Padano), composto da 60 posizioni e con un GBV complessivo di oltre \u20ac 13 milioni.<\/p>\r\n\t\t\t\t\t\t\t\t\t\t<\/div>\r\n\t\t\t\t\t\t\t\t\t<\/div>\r\n\t\t\t\t\t\t\t\t<\/div>\r\n\t\t\t\t\t\t\t<\/div> \r\n\t\t\t\t\t\t<\/div>\r\n\t\t\t\t\t\r\n\t\t\t\t\t\t<div class=\" col-sm-12 thsn-ourhistory thsn-ourhistory-type2 \">\r\n\t\t\t\t\t\t\t<div class=\"row thsn-ourhistory-row\">\r\n\t\t\t\t\t\t\t\t<div class=\"col-md-3  col-sm-3 col-xs-3\">\r\n\t\t\t\t\t\t\t\t\t\r\n\t\t\t\t\t\t\t\t<\/div>\r\n\t\t\t\t\t\t\t\t<div class=\"col-md-1 thsn-ourhistory-left\">\r\n\t\t\t\t\t\t\t\t\t<span class=\"label\">2020<\/span>\r\n\t\t\t\t\t\t\t\t<\/div>\r\n\t\t\t\t\t\t\t\t<div class=\"col-md-8 col-sm-8 col-xs-8 thsn-ourhistory-right\">\r\n\t\t\t\t\t\t\t\t\t<span class=\"thsn-timeline-image\"><\/span>\r\n\t\t\t\t\t\t\t\t\t<span class=\"label\">2020<\/span>\r\n\t\t\t\t\t\t\t\t\t<div class=\"content\">\r\n\t\t\t\t\t\t\t\t\t\t<h4><\/h4>\r\n\t\t\t\t\t\t\t\t\t\t<div class=\"simple-text\">\r\n\t\t\t\t\t\t\t\t\t\t\t<p>LUGLIO | Due diligence per conto di un importante fondo d'investimento gi\u00e0 cliente su due portafogli NPL ipotecari e chirografari, per complessivi \u20ac 100 milioni circa, in cessione da due distinti istituti di credito del centro Italia.\n<br\/>\n<br\/>\nOTTOBRE | Attivit\u00e0 di on Boarding e data remediation di un portafoglio NPL ipotecario e chirografario - composto da 3000 posizioni e con un GBV complessivo pari di oltre \u20ac 300 milioni - per conto di uno dei pi\u00f9 importanti investitori NPL attivo in Italia.<\/p>\r\n\t\t\t\t\t\t\t\t\t\t<\/div>\r\n\t\t\t\t\t\t\t\t\t<\/div>\r\n\t\t\t\t\t\t\t\t<\/div>\r\n\t\t\t\t\t\t\t<\/div> \r\n\t\t\t\t\t\t<\/div>\r\n\t\t\t\t\t\r\n\t\t\t\t\t\t<div class=\" col-sm-12 thsn-ourhistory thsn-ourhistory-type2 \">\r\n\t\t\t\t\t\t\t<div class=\"row thsn-ourhistory-row\">\r\n\t\t\t\t\t\t\t\t<div class=\"col-md-3  col-sm-3 col-xs-3\">\r\n\t\t\t\t\t\t\t\t\t\r\n\t\t\t\t\t\t\t\t<\/div>\r\n\t\t\t\t\t\t\t\t<div class=\"col-md-1 thsn-ourhistory-left\">\r\n\t\t\t\t\t\t\t\t\t<span class=\"label\">2021<\/span>\r\n\t\t\t\t\t\t\t\t<\/div>\r\n\t\t\t\t\t\t\t\t<div class=\"col-md-8 col-sm-8 col-xs-8 thsn-ourhistory-right\">\r\n\t\t\t\t\t\t\t\t\t<span class=\"thsn-timeline-image\"><\/span>\r\n\t\t\t\t\t\t\t\t\t<span class=\"label\">2021<\/span>\r\n\t\t\t\t\t\t\t\t\t<div class=\"content\">\r\n\t\t\t\t\t\t\t\t\t\t<h4><\/h4>\r\n\t\t\t\t\t\t\t\t\t\t<div class=\"simple-text\">\r\n\t\t\t\t\t\t\t\t\t\t\t<p>GIUGNO - SETTEMBRE | Mandato di servicing di due portafogli ipotecari e chirografari per un GBV complessivo di \u20ac 15 milioni da parte della SPV riconducibile ad un Fondo USA.\n<br\/>\n<br\/>\nNOVEMBRE | Due diligence per conto di importante investitore USA gi\u00e0 cliente su tre portafogli NPL ipotecari, per complessivi \u20ac 80 milioni di GBV.<\/p>\r\n\t\t\t\t\t\t\t\t\t\t<\/div>\r\n\t\t\t\t\t\t\t\t\t<\/div>\r\n\t\t\t\t\t\t\t\t<\/div>\r\n\t\t\t\t\t\t\t<\/div> \r\n\t\t\t\t\t\t<\/div>\r\n\t\t\t\t\t\r\n\t\t\t\t\t\t<div class=\" col-sm-12 thsn-ourhistory thsn-ourhistory-type2 \">\r\n\t\t\t\t\t\t\t<div class=\"row thsn-ourhistory-row\">\r\n\t\t\t\t\t\t\t\t<div class=\"col-md-3  col-sm-3 col-xs-3\">\r\n\t\t\t\t\t\t\t\t\t\r\n\t\t\t\t\t\t\t\t<\/div>\r\n\t\t\t\t\t\t\t\t<div class=\"col-md-1 thsn-ourhistory-left\">\r\n\t\t\t\t\t\t\t\t\t<span class=\"label\">2022<\/span>\r\n\t\t\t\t\t\t\t\t<\/div>\r\n\t\t\t\t\t\t\t\t<div class=\"col-md-8 col-sm-8 col-xs-8 thsn-ourhistory-right\">\r\n\t\t\t\t\t\t\t\t\t<span class=\"thsn-timeline-image\"><\/span>\r\n\t\t\t\t\t\t\t\t\t<span class=\"label\">2022<\/span>\r\n\t\t\t\t\t\t\t\t\t<div class=\"content\">\r\n\t\t\t\t\t\t\t\t\t\t<h4><\/h4>\r\n\t\t\t\t\t\t\t\t\t\t<div class=\"simple-text\">\r\n\t\t\t\t\t\t\t\t\t\t\t<p>FEBBRAIO | Attivit\u00e0 di on boarding e data remediation di un portafoglio unsecured con successivo conferimento di un mandato di gestione stragiudiziale da parte di un\u2019importante Banca di investimento italiana \u2013 circa 1300 posizioni per GBV totale di oltre 60 milioni.\n<br\/>\n<br\/>\nMARZO | Doppia Due diligence per conto di importante investitore USA - una su un portafoglio NPL ipotecario con GBV di quasi \u20ac 7.5 milioni e una su un portafoglio NPL ipotecario con GBV complessivo di quasi \u20ac 13.5 milioni - in cessione da un gruppo bancario di rilevanza nazionale in Italia.\n<br\/>\n<br\/>\nLUGLIO | Due diligence per conto di importante SGR italiana su un portafoglio NPL chirografario in cessione sul mercato secondario e con GBV complessivo di \u20ac 107 milioni.<\/p>\r\n\t\t\t\t\t\t\t\t\t\t<\/div>\r\n\t\t\t\t\t\t\t\t\t<\/div>\r\n\t\t\t\t\t\t\t\t<\/div>\r\n\t\t\t\t\t\t\t<\/div> \r\n\t\t\t\t\t\t<\/div>\r\n\t\t\t\t\t\r\n\t\t\t\t\t\t<div class=\" col-sm-12 thsn-ourhistory thsn-ourhistory-type2 \">\r\n\t\t\t\t\t\t\t<div class=\"row thsn-ourhistory-row\">\r\n\t\t\t\t\t\t\t\t<div class=\"col-md-3  col-sm-3 col-xs-3\">\r\n\t\t\t\t\t\t\t\t\t\r\n\t\t\t\t\t\t\t\t<\/div>\r\n\t\t\t\t\t\t\t\t<div class=\"col-md-1 thsn-ourhistory-left\">\r\n\t\t\t\t\t\t\t\t\t<span class=\"label\">2023<\/span>\r\n\t\t\t\t\t\t\t\t<\/div>\r\n\t\t\t\t\t\t\t\t<div class=\"col-md-8 col-sm-8 col-xs-8 thsn-ourhistory-right\">\r\n\t\t\t\t\t\t\t\t\t<span class=\"thsn-timeline-image\"><\/span>\r\n\t\t\t\t\t\t\t\t\t<span class=\"label\">2023<\/span>\r\n\t\t\t\t\t\t\t\t\t<div class=\"content\">\r\n\t\t\t\t\t\t\t\t\t\t<h4><\/h4>\r\n\t\t\t\t\t\t\t\t\t\t<div class=\"simple-text\">\r\n\t\t\t\t\t\t\t\t\t\t\t<p>MARZO | Due diligence, advisory nell\u2019acquisizione e mandato di sub-servicing per conto di importante SGR italiana di un portafoglio ipotecario e chirografario in cessione da una BCC del nord Italia, con un GBV complessivo pari a \u20ac 7 milioni.\n<br\/>\n<br\/>\nNOVEMBRE | Advisory e Due diligence su operazione di acquisizione di cinque crediti single name, per conto di investitore italiano, per complessivi \u20ac 7 milioni di GBV.<\/p>\r\n\t\t\t\t\t\t\t\t\t\t<\/div>\r\n\t\t\t\t\t\t\t\t\t<\/div>\r\n\t\t\t\t\t\t\t\t<\/div>\r\n\t\t\t\t\t\t\t<\/div> \r\n\t\t\t\t\t\t<\/div>\r\n\t\t\t\t\t\r\n\t\t\t\t\t\t<div class=\" col-sm-12 thsn-ourhistory thsn-ourhistory-type2 \">\r\n\t\t\t\t\t\t\t<div class=\"row thsn-ourhistory-row\">\r\n\t\t\t\t\t\t\t\t<div class=\"col-md-3  col-sm-3 col-xs-3\">\r\n\t\t\t\t\t\t\t\t\t\r\n\t\t\t\t\t\t\t\t<\/div>\r\n\t\t\t\t\t\t\t\t<div class=\"col-md-1 thsn-ourhistory-left\">\r\n\t\t\t\t\t\t\t\t\t<span class=\"label\">2024<\/span>\r\n\t\t\t\t\t\t\t\t<\/div>\r\n\t\t\t\t\t\t\t\t<div class=\"col-md-8 col-sm-8 col-xs-8 thsn-ourhistory-right\">\r\n\t\t\t\t\t\t\t\t\t<span class=\"thsn-timeline-image\"><\/span>\r\n\t\t\t\t\t\t\t\t\t<span class=\"label\">2024<\/span>\r\n\t\t\t\t\t\t\t\t\t<div class=\"content\">\r\n\t\t\t\t\t\t\t\t\t\t<h4><\/h4>\r\n\t\t\t\t\t\t\t\t\t\t<div class=\"simple-text\">\r\n\t\t\t\t\t\t\t\t\t\t\t<p>FEBBRAIO | Mandato di gestione stragiudiziale di un portafoglio unsecured di origine bancaria per conto di una Banca di investimento italiana con GBV complessivo di oltre \u20ac 40 milioni.\n<br\/>\n<br\/>\nFEBBRAIO | Mandato di gestione di un portafoglio unsecured con GBV complessivo di \u20ac 30 milioni per conto di uno dei pi\u00f9 importanti investitori attivi in Italia.\n<br\/>\n<br\/>\nFEBBRAIO | EthicalFin NPL diventa partner di EOS \u2013 societ\u00e0 tedesca attiva nel recupero crediti transfrontaliero in tutto il mondo \u2013 per la gestione e il recupero di crediti transfrontalieri. Come partner di EOS, riceve mandato di gestione di un portafoglio con GBV complessivo pari a \u20ac 1 milione \u2013 in costante crescita, che vede raddoppiare l\u2019AUM con andamento trimestrale.\n<br\/>\n<br\/>\nMARZO | Due diligence per conto di un investitore italiano su un portafoglio con GBV di oltre \u20ac 16.5 milioni.\n<br\/>\n<br\/>\nMARZO | Due diligence per conto di fondo di investimento USA su portafoglio con GBV di oltre \u20ac 12 milioni.\n<br\/>\n<br\/>\nAPRILE | Mandato di sub-servicing su portafoglio per conto di un primario fondo di investimento USA, gi\u00e0 cliente della societ\u00e0. Il portafoglio \u00e8 costituito da 180 posizioni per un GBV complessivo di circa \u20ac 230 milioni.\n<br\/>\n<br\/>\nGIUGNO | Nuovo affido nell\u2019area dei mandati in out-sourcing, per conto di societ\u00e0 di utilities, gi\u00e0 cliente dello Studio Legale Torre EF. Il portafoglio \u00e8 costituito da 300 posizioni per un GBV complessivo di circa \u20ac 400K.\n<br\/>\n<br\/>\nOTTOBRE | Nuovo affido nell\u2019area dei mandati in out-sourcing, per conto di EOS \u2013 societ\u00e0 tedesca attiva nel recupero crediti transfrontaliero in tutto il mondo \u2013 gi\u00e0 cliente della societ\u00e0. Il portafoglio \u00e8 costituito da 350 posizioni per un GBV complessivo di circa \u20ac 3 milioni. \n<br\/>\n<br\/>\nOTTOBRE | Due diligence, advisory nell\u2019acquisizione e mandato di sub-servicing per conto di un\u2019importante SGR gi\u00e0 cliente di un single name ipotecario e chirografario in cessione da un\u2019importante BCC, con un GBV complessivo di oltre \u20ac 26 milioni.\n<br\/>\n<br\/>\nDICEMBRE | Acquisizione e mandato di sub-servicing su portafoglio in cessione da importante banca italiana in co-investimento, ovvero per conto di EthicalFin NPL e di un importante istituto di credito (una nuova banca attiva nell\u2019ambito degli investimenti in NPL single name e piccoli portafogli bancari). Il portafoglio \u00e8 costituito da 80 posizioni per un GBV complessivo di oltre \u20ac 7 milioni. <\/p>\r\n\t\t\t\t\t\t\t\t\t\t<\/div>\r\n\t\t\t\t\t\t\t\t\t<\/div>\r\n\t\t\t\t\t\t\t\t<\/div>\r\n\t\t\t\t\t\t\t<\/div> \r\n\t\t\t\t\t\t<\/div>\r\n\t\t\t\t\t\r\n\t\t\t\t\t\t<div class=\" col-sm-12 thsn-ourhistory thsn-ourhistory-type2 \">\r\n\t\t\t\t\t\t\t<div class=\"row thsn-ourhistory-row\">\r\n\t\t\t\t\t\t\t\t<div class=\"col-md-3  col-sm-3 col-xs-3\">\r\n\t\t\t\t\t\t\t\t\t\r\n\t\t\t\t\t\t\t\t<\/div>\r\n\t\t\t\t\t\t\t\t<div class=\"col-md-1 thsn-ourhistory-left\">\r\n\t\t\t\t\t\t\t\t\t<span class=\"label\">2025<\/span>\r\n\t\t\t\t\t\t\t\t<\/div>\r\n\t\t\t\t\t\t\t\t<div class=\"col-md-8 col-sm-8 col-xs-8 thsn-ourhistory-right\">\r\n\t\t\t\t\t\t\t\t\t<span class=\"thsn-timeline-image\"><\/span>\r\n\t\t\t\t\t\t\t\t\t<span class=\"label\">2025<\/span>\r\n\t\t\t\t\t\t\t\t\t<div class=\"content\">\r\n\t\t\t\t\t\t\t\t\t\t<h4><\/h4>\r\n\t\t\t\t\t\t\t\t\t\t<div class=\"simple-text\">\r\n\t\t\t\t\t\t\t\t\t\t\t<p>FEBBRAIO | Due diligence per conto di un importante istituto di credito (nuova banca attiva nell\u2019ambito degli investimenti in NPL single name e piccoli portafogli bancari) su un portafoglio ipotecario e chirografario di oltre 20 posizioni secured e 50 unsecured, per un GBV complessivo di oltre \u20ac 30 milioni.\n<br\/>\n<br\/>\nMARZO | Due diligence su un portafoglio di 40 posizioni miste (secured\/unsecured), per un GBV complessivo di circa \u20ac 22 milioni.\n<br\/>\n<br\/>\nAPRILE | Due diligence per conto di un\u2019azienda attiva nell\u2019ambito degli investimenti in NPL su un portafoglio ipotecario e chirografario di 60 posizioni, per un GBV complessivo di oltre \u20ac 70 milioni.\n<br\/>\n<br\/>\nMAGGIO | Mandato in gestione su un portafoglio di circa 2500 posizioni e \u20ac 1,5 miliardi di GBV, per conto di un intermediario finanziario autorizzato all\u2019esercizio dell\u2019attivita\u0300 di concessione di finanziamenti (106 TUB), attivo nell\u2019acquisto e gestione di crediti non performing.\n<\/p>\r\n\t\t\t\t\t\t\t\t\t\t<\/div>\r\n\t\t\t\t\t\t\t\t\t<\/div>\r\n\t\t\t\t\t\t\t\t<\/div>\r\n\t\t\t\t\t\t\t<\/div> \r\n\t\t\t\t\t\t<\/div>\r\n\t\t\t\t\t<\/div><\/div>[\/vc_column][\/vc_row]<\/p>\n<\/div>","protected":false},"excerpt":{"rendered":"<p>[vc_row thsn-bg-color=&#8221;light&#8221; full_width=&#8221;stretch_row&#8221;][vc_column][\/vc_column][\/vc_row]<\/p>\n","protected":false},"author":2,"featured_media":0,"parent":0,"menu_order":8,"comment_status":"closed","ping_status":"closed","template":"","meta":{"_acf_changed":false,"footnotes":""},"class_list":["post-13714","page","type-page","status-publish","hentry"],"acf":[],"yoast_head":"<!-- This site is optimized with the Yoast SEO plugin v27.5 - https:\/\/yoast.com\/product\/yoast-seo-wordpress\/ -->\n<title>Il nostro Track Record - EthicalFin NPL<\/title>\n<meta name=\"description\" content=\"La nostra storia, i nostri successi e i nostri traguardi in numeri. Ecco quali risultati ci ha permesso di raggiungere il nostro approccio.\" \/>\n<meta name=\"robots\" content=\"index, follow, max-snippet:-1, max-image-preview:large, max-video-preview:-1\" \/>\n<link rel=\"canonical\" href=\"https:\/\/www.ethicalfinnpl.com\/it\/il-nostro-track-record\/\" \/>\n<meta name=\"twitter:card\" content=\"summary_large_image\" \/>\n<meta name=\"twitter:title\" content=\"Il nostro Track Record - EthicalFin NPL\" \/>\n<meta name=\"twitter:description\" content=\"La nostra storia, i nostri successi e i nostri traguardi in numeri. Ecco quali risultati ci ha permesso di raggiungere il nostro approccio.\" \/>\n<meta name=\"twitter:label1\" content=\"Tempo di lettura stimato\" \/>\n\t<meta name=\"twitter:data1\" content=\"1 minuto\" \/>\n<script type=\"application\/ld+json\" class=\"yoast-schema-graph\">{\"@context\":\"https:\\\/\\\/schema.org\",\"@graph\":[{\"@type\":\"WebPage\",\"@id\":\"https:\\\/\\\/www.ethicalfinnpl.com\\\/it\\\/il-nostro-track-record\\\/\",\"url\":\"https:\\\/\\\/www.ethicalfinnpl.com\\\/it\\\/il-nostro-track-record\\\/\",\"name\":\"Il nostro Track Record - EthicalFin NPL\",\"isPartOf\":{\"@id\":\"https:\\\/\\\/www.ethicalfinnpl.com\\\/it\\\/#website\"},\"datePublished\":\"2020-10-19T15:00:15+00:00\",\"dateModified\":\"2025-06-04T05:11:57+00:00\",\"description\":\"La nostra storia, i nostri successi e i nostri traguardi in numeri. Ecco quali risultati ci ha permesso di raggiungere il nostro approccio.\",\"breadcrumb\":{\"@id\":\"https:\\\/\\\/www.ethicalfinnpl.com\\\/it\\\/il-nostro-track-record\\\/#breadcrumb\"},\"inLanguage\":\"it-IT\",\"potentialAction\":[{\"@type\":\"ReadAction\",\"target\":[\"https:\\\/\\\/www.ethicalfinnpl.com\\\/it\\\/il-nostro-track-record\\\/\"]}]},{\"@type\":\"BreadcrumbList\",\"@id\":\"https:\\\/\\\/www.ethicalfinnpl.com\\\/it\\\/il-nostro-track-record\\\/#breadcrumb\",\"itemListElement\":[{\"@type\":\"ListItem\",\"position\":1,\"name\":\"Home\",\"item\":\"https:\\\/\\\/www.ethicalfinnpl.com\\\/it\\\/\"},{\"@type\":\"ListItem\",\"position\":2,\"name\":\"Il nostro track record\"}]},{\"@type\":\"WebSite\",\"@id\":\"https:\\\/\\\/www.ethicalfinnpl.com\\\/it\\\/#website\",\"url\":\"https:\\\/\\\/www.ethicalfinnpl.com\\\/it\\\/\",\"name\":\"EthicalFin NPL\",\"description\":\"Sustainable Growth Capital Partners\",\"publisher\":{\"@id\":\"https:\\\/\\\/www.ethicalfinnpl.com\\\/it\\\/#organization\"},\"potentialAction\":[{\"@type\":\"SearchAction\",\"target\":{\"@type\":\"EntryPoint\",\"urlTemplate\":\"https:\\\/\\\/www.ethicalfinnpl.com\\\/it\\\/?s={search_term_string}\"},\"query-input\":{\"@type\":\"PropertyValueSpecification\",\"valueRequired\":true,\"valueName\":\"search_term_string\"}}],\"inLanguage\":\"it-IT\"},{\"@type\":\"Organization\",\"@id\":\"https:\\\/\\\/www.ethicalfinnpl.com\\\/it\\\/#organization\",\"name\":\"Ethicalfin NPL\",\"url\":\"https:\\\/\\\/www.ethicalfinnpl.com\\\/it\\\/\",\"logo\":{\"@type\":\"ImageObject\",\"inLanguage\":\"it-IT\",\"@id\":\"https:\\\/\\\/www.ethicalfinnpl.com\\\/it\\\/#\\\/schema\\\/logo\\\/image\\\/\",\"url\":\"https:\\\/\\\/www.ethicalfinnpl.com\\\/wp-content\\\/uploads\\\/2020\\\/07\\\/EF_logo_white_square_640.png\",\"contentUrl\":\"https:\\\/\\\/www.ethicalfinnpl.com\\\/wp-content\\\/uploads\\\/2020\\\/07\\\/EF_logo_white_square_640.png\",\"width\":480,\"height\":480,\"caption\":\"Ethicalfin NPL\"},\"image\":{\"@id\":\"https:\\\/\\\/www.ethicalfinnpl.com\\\/it\\\/#\\\/schema\\\/logo\\\/image\\\/\"},\"sameAs\":[\"https:\\\/\\\/www.linkedin.com\\\/company\\\/ethicalfin-npl\\\/\"]}]}<\/script>\n<!-- \/ Yoast SEO plugin. -->","yoast_head_json":{"title":"Il nostro Track Record - EthicalFin NPL","description":"La nostra storia, i nostri successi e i nostri traguardi in numeri. Ecco quali risultati ci ha permesso di raggiungere il nostro approccio.","robots":{"index":"index","follow":"follow","max-snippet":"max-snippet:-1","max-image-preview":"max-image-preview:large","max-video-preview":"max-video-preview:-1"},"canonical":"https:\/\/www.ethicalfinnpl.com\/it\/il-nostro-track-record\/","twitter_card":"summary_large_image","twitter_title":"Il nostro Track Record - EthicalFin NPL","twitter_description":"La nostra storia, i nostri successi e i nostri traguardi in numeri. Ecco quali risultati ci ha permesso di raggiungere il nostro approccio.","twitter_misc":{"Tempo di lettura stimato":"1 minuto"},"schema":{"@context":"https:\/\/schema.org","@graph":[{"@type":"WebPage","@id":"https:\/\/www.ethicalfinnpl.com\/it\/il-nostro-track-record\/","url":"https:\/\/www.ethicalfinnpl.com\/it\/il-nostro-track-record\/","name":"Il nostro Track Record - EthicalFin NPL","isPartOf":{"@id":"https:\/\/www.ethicalfinnpl.com\/it\/#website"},"datePublished":"2020-10-19T15:00:15+00:00","dateModified":"2025-06-04T05:11:57+00:00","description":"La nostra storia, i nostri successi e i nostri traguardi in numeri. Ecco quali risultati ci ha permesso di raggiungere il nostro approccio.","breadcrumb":{"@id":"https:\/\/www.ethicalfinnpl.com\/it\/il-nostro-track-record\/#breadcrumb"},"inLanguage":"it-IT","potentialAction":[{"@type":"ReadAction","target":["https:\/\/www.ethicalfinnpl.com\/it\/il-nostro-track-record\/"]}]},{"@type":"BreadcrumbList","@id":"https:\/\/www.ethicalfinnpl.com\/it\/il-nostro-track-record\/#breadcrumb","itemListElement":[{"@type":"ListItem","position":1,"name":"Home","item":"https:\/\/www.ethicalfinnpl.com\/it\/"},{"@type":"ListItem","position":2,"name":"Il nostro track record"}]},{"@type":"WebSite","@id":"https:\/\/www.ethicalfinnpl.com\/it\/#website","url":"https:\/\/www.ethicalfinnpl.com\/it\/","name":"EthicalFin NPL","description":"Sustainable Growth Capital Partners","publisher":{"@id":"https:\/\/www.ethicalfinnpl.com\/it\/#organization"},"potentialAction":[{"@type":"SearchAction","target":{"@type":"EntryPoint","urlTemplate":"https:\/\/www.ethicalfinnpl.com\/it\/?s={search_term_string}"},"query-input":{"@type":"PropertyValueSpecification","valueRequired":true,"valueName":"search_term_string"}}],"inLanguage":"it-IT"},{"@type":"Organization","@id":"https:\/\/www.ethicalfinnpl.com\/it\/#organization","name":"Ethicalfin NPL","url":"https:\/\/www.ethicalfinnpl.com\/it\/","logo":{"@type":"ImageObject","inLanguage":"it-IT","@id":"https:\/\/www.ethicalfinnpl.com\/it\/#\/schema\/logo\/image\/","url":"https:\/\/www.ethicalfinnpl.com\/wp-content\/uploads\/2020\/07\/EF_logo_white_square_640.png","contentUrl":"https:\/\/www.ethicalfinnpl.com\/wp-content\/uploads\/2020\/07\/EF_logo_white_square_640.png","width":480,"height":480,"caption":"Ethicalfin NPL"},"image":{"@id":"https:\/\/www.ethicalfinnpl.com\/it\/#\/schema\/logo\/image\/"},"sameAs":["https:\/\/www.linkedin.com\/company\/ethicalfin-npl\/"]}]}},"_links":{"self":[{"href":"https:\/\/www.ethicalfinnpl.com\/it\/wp-json\/wp\/v2\/pages\/13714","targetHints":{"allow":["GET"]}}],"collection":[{"href":"https:\/\/www.ethicalfinnpl.com\/it\/wp-json\/wp\/v2\/pages"}],"about":[{"href":"https:\/\/www.ethicalfinnpl.com\/it\/wp-json\/wp\/v2\/types\/page"}],"author":[{"embeddable":true,"href":"https:\/\/www.ethicalfinnpl.com\/it\/wp-json\/wp\/v2\/users\/2"}],"replies":[{"embeddable":true,"href":"https:\/\/www.ethicalfinnpl.com\/it\/wp-json\/wp\/v2\/comments?post=13714"}],"version-history":[{"count":0,"href":"https:\/\/www.ethicalfinnpl.com\/it\/wp-json\/wp\/v2\/pages\/13714\/revisions"}],"wp:attachment":[{"href":"https:\/\/www.ethicalfinnpl.com\/it\/wp-json\/wp\/v2\/media?parent=13714"}],"curies":[{"name":"wp","href":"https:\/\/api.w.org\/{rel}","templated":true}]}}